{"id":698,"date":"2011-11-23T14:54:30","date_gmt":"2011-11-23T12:54:30","guid":{"rendered":"http:\/\/www.maurizone.de\/?page_id=698"},"modified":"2022-03-27T10:53:32","modified_gmt":"2022-03-27T08:53:32","slug":"mitgliedschaften","status":"publish","type":"page","link":"https:\/\/www.maurizone.de\/?page_id=698","title":{"rendered":"Mitgliedschaften"},"content":{"rendered":"<p>1)K\u00f6lner Stammtisch Jugendarbeit<\/p>\n<p>2) Arbeitskreis kritische Soziale Arbeit K\u00f6ln<\/p>\n<p>3)Gewerkschaft Erziehung und Wissenschaft : <a href=\"http:\/\/www.gew.de\/\">www.gew.de<\/a><\/p>\n<p>4) Arbeitskreis Soziale Arbeit der GEW K\u00f6ln<\/p>\n<p>5) Mitglied im Graduierteninstitut NRW<\/p>\n<p>6) Mitglied im\u00a0Kollektiv Junge Wissenschaft Kinder- und Jugendarbeit<\/p>\n<p>7) Mitglied der Steuerrungsgruppe des Kooperationsverbundes Offene Kinder- und Jugendarbeit<\/p>\n<p>8) Mitglieder im Wissenschaftsnetzwerk Kinder- und Jugendarbeit<\/p>\n","protected":false},"excerpt":{"rendered":"<p>1)K\u00f6lner Stammtisch Jugendarbeit 2) Arbeitskreis kritische Soziale Arbeit K\u00f6ln 3)Gewerkschaft Erziehung und Wissenschaft : www.gew.de 4) Arbeitskreis Soziale Arbeit der GEW K\u00f6ln 5) Mitglied im Graduierteninstitut NRW 6) Mitglied im\u00a0Kollektiv Junge Wissenschaft Kinder- und Jugendarbeit 7) Mitglied der Steuerrungsgruppe des Kooperationsverbundes Offene Kinder- und Jugendarbeit 8) Mitglieder im Wissenschaftsnetzwerk Kinder- und Jugendarbeit<\/p>\n","protected":false},"author":3,"featured_media":0,"parent":0,"menu_order":0,"comment_status":"open","ping_status":"open","template":"","meta":{"footnotes":""},"class_list":["post-698","page","type-page","status-publish","hentry"],"_links":{"self":[{"href":"https:\/\/www.maurizone.de\/index.php?rest_route=\/wp\/v2\/pages\/698","targetHints":{"allow":["GET"]}}],"collection":[{"href":"https:\/\/www.maurizone.de\/index.php?rest_route=\/wp\/v2\/pages"}],"about":[{"href":"https:\/\/www.maurizone.de\/index.php?rest_route=\/wp\/v2\/types\/page"}],"author":[{"embeddable":true,"href":"https:\/\/www.maurizone.de\/index.php?rest_route=\/wp\/v2\/users\/3"}],"replies":[{"embeddable":true,"href":"https:\/\/www.maurizone.de\/index.php?rest_route=%2Fwp%2Fv2%2Fcomments&post=698"}],"version-history":[{"count":11,"href":"https:\/\/www.maurizone.de\/index.php?rest_route=\/wp\/v2\/pages\/698\/revisions"}],"predecessor-version":[{"id":1487,"href":"https:\/\/www.maurizone.de\/index.php?rest_route=\/wp\/v2\/pages\/698\/revisions\/1487"}],"wp:attachment":[{"href":"https:\/\/www.maurizone.de\/index.php?rest_route=%2Fwp%2Fv2%2Fmedia&parent=698"}],"curies":[{"name":"wp","href":"https:\/\/api.w.org\/{rel}","templated":true}]}}