{"id":30,"date":"2008-09-18T07:56:09","date_gmt":"2008-09-18T05:56:09","guid":{"rendered":"http:\/\/www.maurizone.de\/?page_id=30"},"modified":"2013-12-20T10:01:54","modified_gmt":"2013-12-20T08:01:54","slug":"aktuelles","status":"publish","type":"page","link":"https:\/\/www.maurizone.de\/?page_id=30","title":{"rendered":"Aktuelles"},"content":{"rendered":"<h3 class=\"fett\"><strong><span style=\"color: #ff0000;\">1.<\/span><\/strong><span style=\"color: #ff0000;\">Referent &#8222;Praxis der Jungenarbeit 7-<strong> Urban Culture in K\u00f6ln &#8211; Musikvideos und Graffiti-Szene&#8220;<\/strong><\/span><\/h3>\n<p>30.November 2006,Sascha D\u00fcx, Maurice Kusber, Martin Bier,<\/p>\n<h3><strong><span style=\"color: #ff0000;\">2. Fachartikel &#8220; Different Roots-Common Roots&#8220;<\/span><\/strong><\/h3>\n<p>Februar 2007, im Auftrag des JfC Medienzentrums K\u00f6ln<\/p>\n<h3><span style=\"color: #ff0000;\">3. Referent &#8222;Graffiti &#8211; zwischen Faszination und Ablehnung ,Praxis-Seminar f\u00fcr Multiplikator\/innen aus Jugendhilfe und Schule&#8220;<\/span><\/h3>\n<p>Freitag, 16.November 2007, 14.00-18.30 Uhr im Haus der Geschichte, Willy-Brandt-Allee 14, 53113 Bonn<\/p>\n<h3><span style=\"color: #ff0000;\">4.\u00a0 Gastreferent &#8222;Soziale Arbeit mit\/in Jugendszenen am Beispiel der Hip Hop Kultur&#8220;<\/span><\/h3>\n<p>Dienstag, 24. November 2008, 11:30 &#8211; 15:30. , Fakult\u00e4t f\u00fcr angewandte Sozialwissenschaften, Fachhochschule K\u00f6ln, 50678 K\u00f6ln-S\u00fcd.<\/p>\n<p>Link.<\/p>\n<p><a href=\"http:\/\/univis.fh-koeln.de\/form?__s=2&amp;dsc=anew\/lecture_view&amp;lvs=f01\/zentr\/basa34&amp;anonymous=1&amp;ref=tlecture&amp;sem=2008w&amp;tdir=fakult\/01faku\/studie\/grunss\/3semes\/34medi&amp;__e=173\" target=\"_blank\">Soziale Arbeit mit\/in Jugendszenen am Beispiel der Hip Hop Kultur&#8220;<\/a><\/p>\n<h3><span style=\"color: #ff0000;\">5. Organisation &#8222;1.K\u00f6lner Graffitifachtag&#8220; <\/span><\/h3>\n<p>Datum: 29.05.09 , Freitag 10.00-16.00 Uhr<\/p>\n<p>Location: <a href=\"http:\/\/www.cap-cologne.de\/\" target=\"_self\">Halle 10, Clouth Werke , K\u00f6ln-Nippes<\/a><\/p>\n<h3><span style=\"color: #ff0000;\">6. <\/span><span style=\"color: #ff0000;\">2 Workshopangebote im Rahmen des Urban Media Festivals des JFC Medienzentrum K\u00f6ln<\/span><\/h3>\n<p>Donnerstag, 26. November 2009, 14.00- 17.30 Uhr &#8222;tagtool 2 the fullest&#8220;<\/p>\n<p>19.00- 22.30 Uhr &#8220; lighttags..digital lightpainting&#8220;<\/p>\n<p>Alte Feuerwache K\u00f6ln, N\u00e4he Ebertplatz<\/p>\n<h3><span style=\"color: #ff0000;\">7. <\/span><span style=\"color: #ff0000;\">Gastreferent &#8222;Soziale Arbeit mit\/in Jugendszenen am Beispiel der Hip Hop Kultur&#8220;<\/span><\/h3>\n<p>Dienstag, 01. Dezember 2009, 11:30 &#8211; 15:30. , Fakult\u00e4t f\u00fcr angewandte Sozialwissenschaften, Fachhochschule K\u00f6ln, 50678 K\u00f6ln-S\u00fcd<\/p>\n<h3><strong><span style=\"color: #ff0000;\">8. Workshopangebote im Rahmen des Seminarangebotes des JFC Medienzentrum K\u00f6ln<\/span><\/strong><\/h3>\n<h3><span style=\"color: #ff0000;\">9. Gastreferent&#8220;Soziale Arbeit mit\/in Jugendszenen am Beispiel der Hip Hop Kultur&#8220;<\/span><\/h3>\n<p>Montag, 06. Dezember 2010, Fakult\u00e4t f\u00fcr angewandte Sozialwissenschaften, Fachhochschule K\u00f6ln, 50678 K\u00f6ln-S\u00fcd.<\/p>\n<h3><span style=\"color: #ff0000;\">10. Gastreferent &#8222;Sozialraumorientierung: Graffiti im \u00f6ffentlichen Raum&#8220;<\/span><\/h3>\n<p><a href=\"http:\/\/www.katho-nrw.de\/koeln\/\">Katholische Fachhoschule in K\u00f6ln<\/a><span style=\"color: #ff0000;\"><span style=\"color: #000000;\">, in Zusammenarbeit mit Prof. Dr. Werner Sch\u00f6nig.Start: 15.03.2011<\/span><\/span><\/p>\n<p><span style=\"color: #ff0000;\"><span style=\"color: #000000;\"><a href=\"http:\/\/https:\/\/qisweb.hispro.de\/kfh\/rds?state=verpublish&amp;status=init&amp;vmfile=no&amp;publishid=22930&amp;moduleCall=webInfo&amp;publishConfFile=webInfo&amp;publishSubDir=veranstaltung\">Link zur Veranstaltung.<\/a><\/span><\/span><\/p>\n<h3><span style=\"color: #ff0000;\">11. Gastredner auf dem CityLeaks Festival Symposium<\/span><\/h3>\n<p>Am Donnerstag , den 22.09.11 findet im\u201dWohnzimmer\u201d des <a href=\"http:\/\/www.motoki-kollektiv.de\/\" target=\"_blank\">Motoki Kollektivs<\/a> das Symposium des<a href=\"http:\/\/www.cityleaks-festival.de\/\" target=\"_blank\"> CityLeaks Festiva<\/a>l statt. Ich bedanke mich f\u00fcr die Einladung als Redner , unteranderem auch mit Herrn Dr. Sascha Schierz , dabei zu sein.<\/p>\n<p>Link: <a href=\"http:\/\/www.cityleaks-festival.com\/cityleaks-symposium-2\">http:\/\/www.cityleaks-festival.com\/cityleaks-symposium-2<\/a><\/p>\n<h3><span style=\"color: #ff0000;\">12. Gastreferent 3. Praxis-Dialogtag der Sektion Soziale Arbeit an der Universit\u00e4t Vechta<\/span><\/h3>\n<p><strong>Hip Hop und Soziale Arbeit<\/strong><br \/>\nLeitung: Dr. Sascha Schierz, (Universit\u00e4t Vechta), Maurice Kusber Diplom Sozialp\u00e4dagoge ,29.09.2011 , Universit\u00e4t Vechta,<\/p>\n<p><a href=\"http:\/\/www.uni-vechta.de\/startseite\/einzelansicht\/?tx_ttnews[tt_news]=150&amp;cHash=e19bb18c8521753393fe9ed45cc89600\">Link zur Veranstaltung<\/a><\/p>\n<h3><span style=\"color: #ff0000;\">13. Gastreferent&#8220;Soziale Arbeit mit\/in Jugendszenen am Beispiel der Hip Hop Kultur&#8220;<\/span><\/h3>\n<p>Dienstag, 13. Dezember 2011, Fakult\u00e4t f\u00fcr angewandte Sozialwissenschaften, Fachhochschule K\u00f6ln, 50678 K\u00f6ln-S\u00fcd.<\/p>\n<h3>\u00a0<span style=\"color: #ff0000; font-size: 1.17em;\">14. Gastreferent &#8222;Soziale Arbeit mit\/in Jugendszenen am Beispiel der Hip Hop Kultur&#8220;<\/span><\/h3>\n<p>Freitag, 14. Juni 2013, Fakult\u00e4t f\u00fcr angewandte Sozialwissenschaften, Fachhochschule K\u00f6ln, 50678 K\u00f6ln-S\u00fcd.<\/p>\n<div>\n<h3><span style=\"color: #ff0000;\">15. Gastreferent Didaktik und Methodik. Vorstellung des Projektes &#8222;MittwochsMaler&#8220;.<\/span><\/h3>\n<p>Montag, 18. November 2013,Fachhochschule D\u00fcsseldorf,Fachbereich Sozial- und Kulturwissenschaften,Universit\u00e4tsstr., Geb\u00e4ude 24.21,40225 D\u00fcsseldorf<\/p>\n<h3><span style=\"color: #ff0000;\">16. Expertentreffen -Handlungsfelder der Sozialen Arbeit. Veranstalter: HIB der Gewerkschaft f\u00fcr Erziehung und Wissenschaft. <\/span><\/h3>\n<p>Fachhochschule K\u00f6ln, 02.12.13, 18.00-19.30 Uhr<\/p>\n<h3><span style=\"color: #ff0000;\">17. Gastreferent Didaktik und Methodik. Vorstellung des Projektes \u201cMittwochsMaler\u201d.<\/span><\/h3>\n<p>Mittwoch, 08.01. 2014,\u00a0BA Soziale Arbeit.\u00a0\u00a0Fakult\u00e4t f\u00fcr angewandte Sozialwissenschaften, Fachhochschule K\u00f6ln, 50678 K\u00f6ln-S\u00fcd.<\/p>\n<div><\/div>\n<\/div>\n<p><span style=\"color: #ff0000;\"><br \/>\n<\/span><\/p>\n","protected":false},"excerpt":{"rendered":"<p>1.Referent &#8222;Praxis der Jungenarbeit 7- Urban Culture in K\u00f6ln &#8211; Musikvideos und Graffiti-Szene&#8220; 30.November 2006,Sascha D\u00fcx, Maurice Kusber, Martin Bier, 2. Fachartikel &#8220; Different Roots-Common Roots&#8220; Februar 2007, im Auftrag des JfC Medienzentrums K\u00f6ln 3. Referent &#8222;Graffiti &#8211; zwischen Faszination und Ablehnung ,Praxis-Seminar f\u00fcr Multiplikator\/innen aus Jugendhilfe und Schule&#8220; Freitag, 16.November 2007, 14.00-18.30 Uhr im [&hellip;]<\/p>\n","protected":false},"author":3,"featured_media":0,"parent":0,"menu_order":0,"comment_status":"open","ping_status":"open","template":"","meta":{"footnotes":""},"class_list":["post-30","page","type-page","status-publish","hentry"],"_links":{"self":[{"href":"https:\/\/www.maurizone.de\/index.php?rest_route=\/wp\/v2\/pages\/30","targetHints":{"allow":["GET"]}}],"collection":[{"href":"https:\/\/www.maurizone.de\/index.php?rest_route=\/wp\/v2\/pages"}],"about":[{"href":"https:\/\/www.maurizone.de\/index.php?rest_route=\/wp\/v2\/types\/page"}],"author":[{"embeddable":true,"href":"https:\/\/www.maurizone.de\/index.php?rest_route=\/wp\/v2\/users\/3"}],"replies":[{"embeddable":true,"href":"https:\/\/www.maurizone.de\/index.php?rest_route=%2Fwp%2Fv2%2Fcomments&post=30"}],"version-history":[{"count":31,"href":"https:\/\/www.maurizone.de\/index.php?rest_route=\/wp\/v2\/pages\/30\/revisions"}],"predecessor-version":[{"id":1021,"href":"https:\/\/www.maurizone.de\/index.php?rest_route=\/wp\/v2\/pages\/30\/revisions\/1021"}],"wp:attachment":[{"href":"https:\/\/www.maurizone.de\/index.php?rest_route=%2Fwp%2Fv2%2Fmedia&parent=30"}],"curies":[{"name":"wp","href":"https:\/\/api.w.org\/{rel}","templated":true}]}}