{"id":1296,"date":"2018-05-24T14:10:03","date_gmt":"2018-05-24T12:10:03","guid":{"rendered":"https:\/\/www.maurizone.de\/?page_id=1296"},"modified":"2018-05-24T14:10:03","modified_gmt":"2018-05-24T12:10:03","slug":"datenschutz","status":"publish","type":"page","link":"https:\/\/www.maurizone.de\/?page_id=1296","title":{"rendered":"Datenschutz"},"content":{"rendered":"<p>Kontaktformular<\/p>\n<p>\u200b<\/p>\n<p>Diese Personenbezogene Daten werden \u00a0nur dann erhoben, wenn Sie aktiv mit mir Kontakt aufnehmen, z.B. \u00fcber das Kontaktformular. Alle in diesem Rahmen anfallenden personenbezogenen Daten werden nur zur Wahrung im Hinblick auf die Kommunikation mit den Interessenten erhoben, verarbeitet und genutzt.<br \/>\nEs erfolgt ausdr\u00fccklich keine Datenweitergabe an Dritte, weder zu kommerziellen noch zu nichtkommerziellen Zwecken. Die Daten\u00fcbertragung erfolgt verschl\u00fcsselt. So ist der Blick auf Ihre Daten auf dem Weg von Ihrem Browser in das System vor Einsichtnahme durch Dritte gesch\u00fctzt.<\/p>\n","protected":false},"excerpt":{"rendered":"<p>Kontaktformular \u200b Diese Personenbezogene Daten werden \u00a0nur dann erhoben, wenn Sie aktiv mit mir Kontakt aufnehmen, z.B. \u00fcber das Kontaktformular. Alle in diesem Rahmen anfallenden personenbezogenen Daten werden nur zur Wahrung im Hinblick auf die Kommunikation mit den Interessenten erhoben, verarbeitet und genutzt. Es erfolgt ausdr\u00fccklich keine Datenweitergabe an Dritte, weder zu kommerziellen noch zu [&hellip;]<\/p>\n","protected":false},"author":3,"featured_media":0,"parent":0,"menu_order":0,"comment_status":"closed","ping_status":"closed","template":"","meta":{"footnotes":""},"class_list":["post-1296","page","type-page","status-publish","hentry"],"_links":{"self":[{"href":"https:\/\/www.maurizone.de\/index.php?rest_route=\/wp\/v2\/pages\/1296","targetHints":{"allow":["GET"]}}],"collection":[{"href":"https:\/\/www.maurizone.de\/index.php?rest_route=\/wp\/v2\/pages"}],"about":[{"href":"https:\/\/www.maurizone.de\/index.php?rest_route=\/wp\/v2\/types\/page"}],"author":[{"embeddable":true,"href":"https:\/\/www.maurizone.de\/index.php?rest_route=\/wp\/v2\/users\/3"}],"replies":[{"embeddable":true,"href":"https:\/\/www.maurizone.de\/index.php?rest_route=%2Fwp%2Fv2%2Fcomments&post=1296"}],"version-history":[{"count":1,"href":"https:\/\/www.maurizone.de\/index.php?rest_route=\/wp\/v2\/pages\/1296\/revisions"}],"predecessor-version":[{"id":1297,"href":"https:\/\/www.maurizone.de\/index.php?rest_route=\/wp\/v2\/pages\/1296\/revisions\/1297"}],"wp:attachment":[{"href":"https:\/\/www.maurizone.de\/index.php?rest_route=%2Fwp%2Fv2%2Fmedia&parent=1296"}],"curies":[{"name":"wp","href":"https:\/\/api.w.org\/{rel}","templated":true}]}}