{"id":1076,"date":"2014-11-19T20:54:59","date_gmt":"2014-11-19T18:54:59","guid":{"rendered":"http:\/\/www.maurizone.de\/?page_id=1076"},"modified":"2023-11-27T14:58:15","modified_gmt":"2023-11-27T12:58:15","slug":"texte","status":"publish","type":"page","link":"https:\/\/www.maurizone.de\/?page_id=1076","title":{"rendered":"Texte"},"content":{"rendered":"<h1>Texte<\/h1>\n<p>\u00c4ltere Texte:<\/p>\n<p>Versuch einer \u00dcbertragung der Praxeologischen Theorie von Pierre Bourdieu auf die Kultur des Graffiti-Writing.<\/p>\n<p><a href=\"http:\/\/www.maurizone.de\/wordpress\/wp-content\/uploads\/Versuch-einer-\u00dcbertragung-der-Praxeologischen-Theorie-von-Pierre-Bourdieu-auf-die-Kultur-des-Graffiti-Writing_Kusber-M..pdf\">Versuch einer \u00dcbertragung der Praxeologischen Theorie von Pierre Bourdieu auf die Kultur des Graffiti-Writing_Kusber, M.<\/a><\/p>\n<p>Die HipHop Szene als Ort informeller Bildung,\u00a0dargestellt am Beispiel von Graffiti Writing.<\/p>\n<p><a href=\"http:\/\/www.maurizone.de\/wordpress\/wp-content\/uploads\/Die-HipHop-Szene-als-Ort-informeller-Bildung-dargestellt-am-Beispiel-von-Graffiti-Writing_Kusber-M..pdf\">Die HipHop Szene als Ort informeller Bildung, dargestellt am Beispiel von Graffiti Writing_Kusber, M.<\/a><\/p>\n","protected":false},"excerpt":{"rendered":"<p>Texte \u00c4ltere Texte: Versuch einer \u00dcbertragung der Praxeologischen Theorie von Pierre Bourdieu auf die Kultur des Graffiti-Writing. Versuch einer \u00dcbertragung der Praxeologischen Theorie von Pierre Bourdieu auf die Kultur des Graffiti-Writing_Kusber, M. Die HipHop Szene als Ort informeller Bildung,\u00a0dargestellt am Beispiel von Graffiti Writing. Die HipHop Szene als Ort informeller Bildung, dargestellt am Beispiel von [&hellip;]<\/p>\n","protected":false},"author":3,"featured_media":0,"parent":0,"menu_order":2,"comment_status":"open","ping_status":"open","template":"","meta":{"footnotes":""},"class_list":["post-1076","page","type-page","status-publish","hentry"],"_links":{"self":[{"href":"https:\/\/www.maurizone.de\/index.php?rest_route=\/wp\/v2\/pages\/1076","targetHints":{"allow":["GET"]}}],"collection":[{"href":"https:\/\/www.maurizone.de\/index.php?rest_route=\/wp\/v2\/pages"}],"about":[{"href":"https:\/\/www.maurizone.de\/index.php?rest_route=\/wp\/v2\/types\/page"}],"author":[{"embeddable":true,"href":"https:\/\/www.maurizone.de\/index.php?rest_route=\/wp\/v2\/users\/3"}],"replies":[{"embeddable":true,"href":"https:\/\/www.maurizone.de\/index.php?rest_route=%2Fwp%2Fv2%2Fcomments&post=1076"}],"version-history":[{"count":9,"href":"https:\/\/www.maurizone.de\/index.php?rest_route=\/wp\/v2\/pages\/1076\/revisions"}],"predecessor-version":[{"id":1553,"href":"https:\/\/www.maurizone.de\/index.php?rest_route=\/wp\/v2\/pages\/1076\/revisions\/1553"}],"wp:attachment":[{"href":"https:\/\/www.maurizone.de\/index.php?rest_route=%2Fwp%2Fv2%2Fmedia&parent=1076"}],"curies":[{"name":"wp","href":"https:\/\/api.w.org\/{rel}","templated":true}]}}